{"id":187,"date":"2017-03-24T15:14:43","date_gmt":"2017-03-24T13:14:43","guid":{"rendered":"http:\/\/www.ltb-arad.ro\/?page_id=187"},"modified":"2020-03-26T09:13:19","modified_gmt":"2020-03-26T07:13:19","slug":"ecdl-centru-de-testare","status":"publish","type":"page","link":"https:\/\/www.ltb-arad.ro\/?page_id=187","title":{"rendered":"ECDL"},"content":{"rendered":"<p>Ne bucur\u0103m sa fim Centru de Testare ECDL.<\/p>\n<p>Ob\u0163inerea Permisului ECDL, este o certificare ce poate echivala proba de competen\u021be digitale a Bacalaureatului.<\/p>\n<p>Permisul European de Conducere a Computerului (ECDL \u2013 European Computer Driving Licence) este cel mai r\u0103sp\u00e2ndit program de certificare a competen\u021belor digitale recunoscut la nivel interna\u0163ional \u00een 150 de \u0163\u0103ri \u0219i num\u0103r\u0103 p\u00e2n\u0103 \u00een prezent 13 milioane de persoane \u00eenregistrate \u00een program.<\/p>\n<p>Permisul ECDL ofer\u0103 de\u0163in\u0103torului s\u0103u o baz\u0103 standard de cuno\u015ftin\u0163e IT necesar\u0103 \u00een noua societate informa\u0163ional\u0103 ce se afl\u0103 \u00een continu\u0103 dezvoltare \u015fi reprezint\u0103 pentru de\u0163in\u0103tor o dovad\u0103 c\u0103 are o calificare recunoscut\u0103, relevant\u0103 \u015fi garantat\u0103.<\/p>\n<p>Permisul ECDL ob\u0163inut este valabil pe o perioad\u0103 nedeterminat\u0103, competen\u0163ele digitale fiind certificate pe via\u0163\u0103, \u00een conformitate cu programele analitice aferente fiec\u0103rui modul, aflate \u00een vigoare la momentul sus\u0163inerii examin\u0103rii.<\/p>\n<p>\u00cen afara Europei, programul ECDL este cunoscut drept ICDL &#8211; International Computer Driving Licence.<\/p>\n<p><img fetchpriority=\"high\" decoding=\"async\" class=\"alignnone size-medium wp-image-192\" src=\"http:\/\/www.ltb-arad.ro\/wp-content\/uploads\/2017\/03\/logo-ecdl-300x182.png\" alt=\"\" width=\"300\" height=\"182\" srcset=\"https:\/\/www.ltb-arad.ro\/wp-content\/uploads\/2017\/03\/logo-ecdl-300x182.png 300w, https:\/\/www.ltb-arad.ro\/wp-content\/uploads\/2017\/03\/logo-ecdl.png 510w\" sizes=\"(max-width: 300px) 100vw, 300px\" \/><\/p>\n<p><img decoding=\"async\" class=\"alignnone size-medium wp-image-194\" src=\"http:\/\/www.ltb-arad.ro\/wp-content\/uploads\/2017\/03\/ecdl-centru-testare-2-300x81.png\" alt=\"\" width=\"300\" height=\"81\" srcset=\"https:\/\/www.ltb-arad.ro\/wp-content\/uploads\/2017\/03\/ecdl-centru-testare-2-300x81.png 300w, https:\/\/www.ltb-arad.ro\/wp-content\/uploads\/2017\/03\/ecdl-centru-testare-2.png 450w\" sizes=\"(max-width: 300px) 100vw, 300px\" \/><\/p>\n<p><span style=\"font-size: 18pt;\">Dac\u0103 dori\u021bi mai multe informa\u021bii despre ECDL le g\u0103si\u021bi pe site-ul <a href=\"http:\/\/www.ecdl.org.ro\/\" target=\"_blank\" rel=\"noopener noreferrer\">ECDL &#8211; Romania<\/a>\u00a0<\/span><\/p>\n","protected":false},"excerpt":{"rendered":"<p>Ne bucur\u0103m sa fim Centru de Testare ECDL. Ob\u0163inerea Permisului ECDL, este o certificare ce poate echivala proba de competen\u021be digitale a Bacalaureatului. Permisul European de Conducere a Computerului (ECDL \u2013 European Computer Driving Licence) este cel mai r\u0103sp\u00e2ndit program de certificare a competen\u021belor digitale recunoscut la nivel interna\u0163ional \u00een [&hellip;]<\/p>\n","protected":false},"author":2,"featured_media":0,"parent":0,"menu_order":0,"comment_status":"closed","ping_status":"closed","template":"","meta":{"footnotes":"","_links_to":"","_links_to_target":""},"class_list":["post-187","page","type-page","status-publish","hentry"],"_links":{"self":[{"href":"https:\/\/www.ltb-arad.ro\/index.php?rest_route=\/wp\/v2\/pages\/187","targetHints":{"allow":["GET"]}}],"collection":[{"href":"https:\/\/www.ltb-arad.ro\/index.php?rest_route=\/wp\/v2\/pages"}],"about":[{"href":"https:\/\/www.ltb-arad.ro\/index.php?rest_route=\/wp\/v2\/types\/page"}],"author":[{"embeddable":true,"href":"https:\/\/www.ltb-arad.ro\/index.php?rest_route=\/wp\/v2\/users\/2"}],"replies":[{"embeddable":true,"href":"https:\/\/www.ltb-arad.ro\/index.php?rest_route=%2Fwp%2Fv2%2Fcomments&post=187"}],"version-history":[{"count":11,"href":"https:\/\/www.ltb-arad.ro\/index.php?rest_route=\/wp\/v2\/pages\/187\/revisions"}],"predecessor-version":[{"id":1167,"href":"https:\/\/www.ltb-arad.ro\/index.php?rest_route=\/wp\/v2\/pages\/187\/revisions\/1167"}],"wp:attachment":[{"href":"https:\/\/www.ltb-arad.ro\/index.php?rest_route=%2Fwp%2Fv2%2Fmedia&parent=187"}],"curies":[{"name":"wp","href":"https:\/\/api.w.org\/{rel}","templated":true}]}}