{"id":200,"date":"2017-03-24T15:57:01","date_gmt":"2017-03-24T13:57:01","guid":{"rendered":"http:\/\/www.ltb-arad.ro\/?page_id=200"},"modified":"2017-11-26T21:21:17","modified_gmt":"2017-11-26T19:21:17","slug":"istoric","status":"publish","type":"page","link":"https:\/\/www.ltb-arad.ro\/?page_id=200","title":{"rendered":"Istoric"},"content":{"rendered":"<p>&nbsp;<\/p>\n<h2 class=\"western\"><span style=\"color: #7ba428;\"><span style=\"font-family: 'Titillium Maps', Arial;\">Istoric<\/span><\/span><\/h2>\n<p align=\"LEFT\"><span style=\"color: #333333;\">\u00a0<\/span><\/p>\n<h3 class=\"western\"><span style=\"color: #333333;\"><span style=\"font-family: arial, helvetica, sans-serif;\"><b>A fost un \u00eenceput&#8230;<\/b><\/span><\/span><\/h3>\n<p align=\"LEFT\"><span style=\"color: #333333;\">\u00a0<\/span><\/p>\n<p><span style=\"color: #333333;\"><span style=\"font-family: verdana, geneva;\"><span style=\"font-size: medium;\">Trebuie s\u0103 recunosc c\u0103 nu am venit ca profesor la Liceul Baptist; \u00eentr-un anume fel l-am \u201edescoperit\u201d \u015fi el m-a ales s\u0103-l slujesc. Am \u00eenceput a servi o cauz\u0103, o nou\u0103 \u015fans\u0103 pe care avea s\u0103 o ofere democra\u0163ia fragil\u0103 a anilor \u201990. Posibilit\u0103\u0163ile care s-au deschis \u00een toate domeniile erau numeroase \u015fi provocatoare. \u00cenceputul anului 1990 m\u0103 g\u0103sea slujind \u00een Biserica Cre\u015ftin\u0103 Baptist\u0103 \u201eRena\u015fterea\u201d \u2013 Arad,\u00een Biserica Cre\u015ftin\u0103 Baptist\u0103 Cov\u0103s\u00e2n\u0163, S\u00e2mb\u0103teni, Vladimirescu \u015fi \u00een Comunitatea Bisericilor Cre\u015ftine Baptiste ca secretar, pozi\u0163ie de slujire pe care o de\u0163in \u015fi \u00een prezent.<\/span><\/span><\/span><\/p>\n<p><span style=\"color: #333333;\"><span style=\"font-family: verdana, geneva;\"><span style=\"font-size: medium;\">Luna iunie a anului 1990 am petrecut-o \u00een Elve\u0163ia, la cursurile de var\u0103 organizate de Seminarul Baptist din Ruschlikon, \u00eempreun\u0103 cu al\u0163i colegi p\u0103stori din Arad \u015fi nu numai; era prima mea ie\u015fire de acest fel. La \u00eentoarcerea \u00een \u0163ar\u0103, la \u00eenceputul lunii iulie, am fost contactat de c\u0103tre fr. Ioan Ungurean, membru al Bisericii \u201eSperan\u0163a\u201d- Arad, care mi-a vorbit despre ini\u0163iativa luat\u0103 de d\u00e2nsul \u00eempreun\u0103 cu o seam\u0103 de p\u0103rin\u0163i pentru \u00eenceperea unei \u015fcoli cre\u015ftine \u00een Arad. Fr. Ungurean mi-a vorbit despre demersurile care s-au f\u0103cut la nivel de cult \u015fi de Protocolul nr. 10\/480\/05.06.1990, \u00eencheiat \u00eentre Ministerul Cultelor \u015fi Ministerul \u00cenv\u0103\u0163\u0103m\u00e2ntului, prin care se crease posibilitatea \u00eenfiin\u0163\u0103rii de \u015fcoli teologice \u015fi seminarii liceale, \u00eencep\u00e2nd cu anul \u015fcolar 1990\/1991.<\/span><\/span><\/span><\/p>\n<p><span style=\"color: #333333;\"><span style=\"font-family: verdana, geneva;\"><span style=\"font-size: medium;\">Viziunea aceasta m-a prins \u015fi am \u00eenceput s\u0103 sprijinesc aceast\u0103 ini\u0163iativ\u0103 nu doar de pe pozi\u0163ia de secretar al Comunit\u0103\u0163ii, cu sarcina de a face toate demersurile legale, ci \u015fi din perspectiva celui captivat de ceea ce \u00eensemna pentru mine transmiterea Evangheliei pentru genera\u0163iile urm\u0103toare \u00eentr-un cadru academic organizat, ceea ce era extraordinar!<\/span><\/span><\/span><\/p>\n<p><span style=\"color: #333333;\"><span style=\"font-family: verdana, geneva;\"><span style=\"font-size: medium;\">Nu pot s\u0103 nu amintesc unul dintre momentele cele mai grele prin care am trecut, legat de \u00eenfiin\u0163area acestei \u015fcoli. Un aspect dureros pe care fr. Ungurean mi l-a \u00eemp\u0103rt\u0103\u015fit a fost faptul c\u0103 cei mai mul\u0163i fra\u0163i \u015fi chiar colegi pastori erau at\u00e2t de prin\u015fi de transform\u0103rile postrevolu\u0163ionare, \u00eenc\u00e2t nici nu aveau timp s\u0103 asculte m\u0103car problemele pe care le ridica \u00eentemeierea acestei \u015fcoli., \u00een care cu greu puteau crede chiar fra\u0163ii cre\u015ftini, cu at\u00e2t mai pu\u0163in cei de la Inspectoratul \u015ecolar.<\/span><\/span><\/span><\/p>\n<p><span style=\"color: #333333;\"><span style=\"font-family: verdana, geneva;\"><span style=\"font-size: medium;\">\u00cen timp ce fr. Ioan Ungurean, \u00een vara anului 1990, a plecat \u00een S.U.A, am r\u0103mas s\u0103 port povara acestui \u00eenceput de unul singur: tot ceea ce \u00eensemna reprezentarea oficial\u0103, demersuri \u015fi responsabilit\u0103\u0163i. Din nefericire, \u00een acea schimbare continu\u0103 de mini\u015ftri a fost \u00eenlocuit \u015fi ministrul \u00eenv\u0103\u0163\u0103m\u00e2ntului, Mihail \u015eora, aprob\u0103rile ob\u0163inute anterior fiind lovite de nulitate. Examenul de admitere avusese deja loc pentru cei care aveau s\u0103 fie prima clas\u0103 cu care \u00eencepea Liceul Cre\u015ftin \u015fi p\u0103rin\u0163ii m\u0103 \u00eentrebau mereu care va fi soarta acestor copii. Nu aveam nici un r\u0103spuns\u2026era o situa\u0163ie prin care nu a\u015f mai vrea s\u0103 trec vreodat\u0103.<\/span><\/span><\/span><\/p>\n<p><span style=\"color: #333333;\"><span style=\"font-family: verdana, geneva;\"><span style=\"font-size: medium;\">Din cauze \u015fi \u00een circumstan\u0163e pe care nu le puteam controla, am ajuns \u00een 13 septembrie 1990 f\u0103r\u0103 aprobarea Ministerului \u00cenv\u0103\u0163\u0103m\u00e2ntului. Pe l\u00e2ng\u0103 acest aspect problematic, vechea mea Dacie era defect\u0103 \u015fi cu greu am g\u0103sit pe cineva s\u0103-\u015fi pun\u0103 ma\u015fina la dispozi\u0163ie pentru drumul pe care trebuia s\u0103 \u00eel fac, urgent, la Bucure\u015fti. Fr. N\u0103d\u0103ban din Biserica \u015eega, acum plecat la Domnul, avea o ma\u015fin\u0103 nou\u0103, Dacia 1300, \u015fi s-a oferit s\u0103 m\u0103 duc\u0103 la Bucure\u015fti. Dar, \u00eenainte de a ajunge la Sibiu, \u00eentr-o curb\u0103, ma\u015fina a p\u0103r\u0103sit carosabilul \u015fi ne-am oprit \u00eentr-un \u015fan\u0163 de pe marginea \u015foselei. Fiind aproape de miezul nop\u0163ii, cu greu am reu\u015fit s\u0103 remediem defec\u0163iunile ap\u0103rute \u00een urma accidentului, dup\u0103 care am fost nevoit s\u0103 conduc tot drumul spre Bucure\u015fti.<\/span><\/span><\/span><\/p>\n<p><span style=\"color: #333333;\"><span style=\"font-family: verdana, geneva;\"><span style=\"font-size: medium;\">Ajun\u015fi la sediul Ministerul \u00cenv\u0103\u0163\u0103m\u00e2ntului de atunci, ne-a \u00eent\u00e2mpinat o aglomera\u0163ie de nedescris, coridoarele erau pline de inspectori \u015fcolari din \u0163ar\u0103. Acolo l-am \u00eent\u00e2lnit pentru prima dat\u0103 pe fr. C\u0103tan\u0103, directorul Liceului Penticostal din Timi\u015foara. El mi-a spus c\u0103 exist\u0103 foarte pu\u0163ine \u015fanse s\u0103 intru \u00een audien\u0163\u0103 \u00een acea ultim\u0103 zi de care depindea \u00eenfiin\u0163area \u015fcolii (14 septembrie 1990), pentru c\u0103 erau acolo personae care a\u015fteptau deja de mai multe zile. Nu am comentat, fiind sub ap\u0103sarea responsabilit\u0103\u0163ii pe fondul oboselii acumulate, care f\u0103cea ca situa\u0163ia s\u0103 fie de-a dreptul deprimant\u0103.<\/span><\/span><\/span><\/p>\n<p><span style=\"color: #333333;\"><span style=\"font-family: verdana, geneva;\"><span style=\"font-size: medium;\">Nici ast\u0103zi nu \u00eemi explic cum, \u00een c\u00e2teva ore, am intrat la Inspectorul General al Ministerului \u00cenv\u0103\u0163\u0103m\u00e2ntului, Sorin Antohi, c\u0103ruia i-am spus direct cine sunt, care este scopul demersului \u015fi faptul c\u0103 deja a avut loc examenul de admitere pentru elevii clasei a IX-a. Dup\u0103 ce m-a felicitat, a pus avizul favorabil pe adresa nr. 763\/1990 din 24 septembrie 1990.<\/span><\/span><\/span><\/p>\n<p><span style=\"color: #333333;\"><span style=\"font-family: verdana, geneva;\"><span style=\"font-size: medium;\">A\u015fa a fost posibil\u0103 \u00eenceperea primei clase a Seminarului Liceal Baptist Arad, luni, 17 septembrie 1990, \u00een cl\u0103direa Liceului \u201eVasile Goldi\u015f\u201d din Arad. Era voia lui Dumnezeu, era lucrarea Lui, \u015fi lucrul acesta avea s\u0103 fie dovedit \u00een timp.<\/span><\/span><\/span><\/p>\n<p><span style=\"color: #333333;\"><span style=\"font-family: verdana, geneva;\"><span style=\"font-size: medium;\">Ce a \u00eensemnat implicarea mea ulterioar\u0103 \u00een \u015fcoal\u0103 \u015fi cum a decurs colaborarea cu diver\u015fi profesori care au predat la \u00eenceput, ca de exemplu \u015fi sr. Priscilia Caciora; cum \u00een prim\u0103vara anului 1991 ne bucuram c\u0103 fr. Redi\u015f Ioan a acceptat povara de a deveni director al liceului\u2026toate acestea\u2026nu sunt ele oare scrise \u00een ,,cartea cronicilor\u201d ?<\/span><\/span><\/span><\/p>\n<p><span style=\"color: #333333;\"><span style=\"font-family: verdana, geneva;\"><span style=\"font-size: medium;\">M\u0103rturisesc ast\u0103zi, dup\u0103 to\u0163i ace\u015fti ani de existen\u0163\u0103 a acestei \u015fcoli, c\u0103 implicarea mea nu a fost doar conjunctural\u0103, ci una de fond. M\u0103 bucur c\u0103 aproape to\u0163i tinerii care au trecut prin acest liceu mi-au fost elevi; prin acest lucru, am v\u0103zut \u00eemplinit obiectivul pred\u0103rii mele, \u015fi anume transmiterea Evangheliei pentru genera\u0163iile viitoare.<\/span><\/span><\/span><\/p>\n<p><span style=\"color: #333333;\"><span style=\"font-family: verdana, geneva;\"><span style=\"font-size: medium;\">La ceas aniversar, sl\u0103vesc pe Domnul \u015fi-I mul\u0163umesc pentru to\u0163i colaboratorii mei de n\u0103dejde, \u015ftiind c\u0103 osteneala noastr\u0103 \u00een Domnul nu este zadarnic\u0103.<\/span><\/span><\/span><\/p>\n<p><em><span style=\"color: #333333;\"><span style=\"font-family: verdana, geneva;\"><span style=\"font-size: medium;\"><b>Pastor, Petru Bozian<\/b><\/span><\/span><\/span><\/em><span style=\"color: #333333;\"><span style=\"font-family: verdana, geneva;\"><span style=\"font-size: medium;\"><br \/>\nBiserica Cre\u015ftin\u0103 Baptist\u0103 &#8220;\u00cenvierea&#8221; Arad<\/span><\/span><\/span><\/p>\n","protected":false},"excerpt":{"rendered":"<p>&nbsp; Istoric \u00a0 A fost un \u00eenceput&#8230; \u00a0 Trebuie s\u0103 recunosc c\u0103 nu am venit ca profesor la Liceul Baptist; \u00eentr-un anume fel l-am \u201edescoperit\u201d \u015fi el m-a ales s\u0103-l slujesc. Am \u00eenceput a servi o cauz\u0103, o nou\u0103 \u015fans\u0103 pe care avea s\u0103 o ofere democra\u0163ia fragil\u0103 a anilor [&hellip;]<\/p>\n","protected":false},"author":2,"featured_media":0,"parent":0,"menu_order":0,"comment_status":"closed","ping_status":"closed","template":"","meta":{"footnotes":"","_links_to":"","_links_to_target":""},"class_list":["post-200","page","type-page","status-publish","hentry"],"_links":{"self":[{"href":"https:\/\/www.ltb-arad.ro\/index.php?rest_route=\/wp\/v2\/pages\/200","targetHints":{"allow":["GET"]}}],"collection":[{"href":"https:\/\/www.ltb-arad.ro\/index.php?rest_route=\/wp\/v2\/pages"}],"about":[{"href":"https:\/\/www.ltb-arad.ro\/index.php?rest_route=\/wp\/v2\/types\/page"}],"author":[{"embeddable":true,"href":"https:\/\/www.ltb-arad.ro\/index.php?rest_route=\/wp\/v2\/users\/2"}],"replies":[{"embeddable":true,"href":"https:\/\/www.ltb-arad.ro\/index.php?rest_route=%2Fwp%2Fv2%2Fcomments&post=200"}],"version-history":[{"count":1,"href":"https:\/\/www.ltb-arad.ro\/index.php?rest_route=\/wp\/v2\/pages\/200\/revisions"}],"predecessor-version":[{"id":201,"href":"https:\/\/www.ltb-arad.ro\/index.php?rest_route=\/wp\/v2\/pages\/200\/revisions\/201"}],"wp:attachment":[{"href":"https:\/\/www.ltb-arad.ro\/index.php?rest_route=%2Fwp%2Fv2%2Fmedia&parent=200"}],"curies":[{"name":"wp","href":"https:\/\/api.w.org\/{rel}","templated":true}]}}