{"id":2394,"date":"2022-05-06T13:11:52","date_gmt":"2022-05-06T11:11:52","guid":{"rendered":"https:\/\/www.ltb-arad.ro\/?page_id=2394"},"modified":"2022-09-02T13:24:59","modified_gmt":"2022-09-02T11:24:59","slug":"inscriere-clasa-a-v-a","status":"publish","type":"page","link":"https:\/\/www.ltb-arad.ro\/?page_id=2394","title":{"rendered":"\u00censcriere \u00een clasa a V-a"},"content":{"rendered":"\n\n\n<div class=\"wp-block-buttons is-content-justification-center is-layout-flex wp-container-core-buttons-is-layout-a89b3969 wp-block-buttons-is-layout-flex\">\n<div class=\"wp-block-button\"><a class=\"wp-block-button__link has-luminous-vivid-orange-to-vivid-red-gradient-background has-background\" href=\"https:\/\/www.ltb-arad.ro\/wp-content\/uploads\/2022\/09\/Repartizarea-elevilor-in-clasa-a-V-a-2022-2023.pdf\" target=\"_blank\" rel=\"noreferrer noopener\">Repartizarea elevilor \u00een clasele a V-a 2022-2023<\/a><\/div>\n\n\n\n<div class=\"wp-block-button\"><a class=\"wp-block-button__link has-luminous-vivid-amber-to-luminous-vivid-orange-gradient-background has-background\" href=\"https:\/\/www.ltb-arad.ro\/wp-content\/uploads\/2022\/06\/Inscriere-clasa-a-V-a-DUPA-ADMITERE.pdf\" target=\"_blank\" rel=\"noreferrer noopener\">\u00censcriere clasa a V-a dup\u0103 admitere<\/a><\/div>\n\n\n\n<div class=\"wp-block-button\"><a class=\"wp-block-button__link has-luminous-vivid-amber-to-luminous-vivid-orange-gradient-background has-background\" href=\"https:\/\/www.ltb-arad.ro\/wp-content\/uploads\/2022\/06\/REZULTATE-FINALE-testare-clasa-a-V-a-TRADITIONAL.pdf\" target=\"_blank\" rel=\"noreferrer noopener\">REZULTATE FINALE testare clasa a V-a TRADI\u021aIONAL<\/a><\/div>\n\n\n\n<div class=\"wp-block-button\"><a class=\"wp-block-button__link has-luminous-vivid-amber-to-luminous-vivid-orange-gradient-background has-background\" href=\"https:\/\/www.ltb-arad.ro\/wp-content\/uploads\/2022\/06\/Rezultate-contestatii-clasa-a-V-a-TRADITIONAL.pdf\" target=\"_blank\" rel=\"noreferrer noopener\">Rezultate contesta\u021bii clasa a V-a TRADI\u021aIONAL<\/a><\/div>\n\n\n\n<div class=\"wp-block-button\"><a class=\"wp-block-button__link has-luminous-vivid-amber-to-luminous-vivid-orange-gradient-background has-background\" href=\"https:\/\/www.ltb-arad.ro\/wp-content\/uploads\/2022\/06\/Lista-elevilor-admisi-in-clasa-a-V-a-LIMBA-ENGLEZA-Liceul-Teologic-Baptist-Alexa-Popovici-Arad-pentru-site-1.pdf\" target=\"_blank\" rel=\"noreferrer noopener\">Lista elevilor admi\u0219i \u00een clasa a V-a LIMBA ENGLEZ\u0102<\/a><\/div>\n\n\n\n<div class=\"wp-block-button\"><a class=\"wp-block-button__link has-luminous-vivid-amber-to-luminous-vivid-orange-gradient-background has-background\" href=\"https:\/\/www.ltb-arad.ro\/wp-content\/uploads\/2022\/06\/Note-FINALE-testare-limba-engleza-clasa-a-V-a-SITE.pdf\" target=\"_blank\" rel=\"noreferrer noopener\">REZULTATE FINALE LA TESTARE CLASA a V-a LIMBA ENGLEZ\u0102<\/a><\/div>\n\n\n\n<div class=\"wp-block-button\"><a class=\"wp-block-button__link has-luminous-vivid-amber-to-luminous-vivid-orange-gradient-background has-background\" href=\"https:\/\/www.ltb-arad.ro\/wp-content\/uploads\/2022\/06\/Informatii-TESTARE-clasa-a-V-a-intensiv-engleza.-Repartizarea-pe-sali-la-proba-scrisa.-Planificare-proba-orala.pdf\" target=\"_blank\" rel=\"noreferrer noopener\">INFORMA\u021aII TESTARE CLASA a V-a ENGLEZ\u0102 INTENSIV \u0218I REPARTIZAREA PE S\u0102LI<\/a><\/div>\n\n\n\n<div class=\"wp-block-button is-style-fill\"><a class=\"wp-block-button__link has-black-color has-luminous-vivid-amber-to-luminous-vivid-orange-gradient-background has-text-color has-background\" href=\"https:\/\/www.ltb-arad.ro\/wp-content\/uploads\/2022\/05\/Anunt-important.pdf\" style=\"border-radius:19px\" target=\"_blank\" rel=\"noreferrer noopener\">Anun\u021b important<\/a><\/div>\n\n\n\n<div class=\"wp-block-button is-style-fill\"><a class=\"wp-block-button__link has-black-color has-luminous-vivid-amber-to-luminous-vivid-orange-gradient-background has-text-color has-background\" href=\"https:\/\/www.ltb-arad.ro\/wp-content\/uploads\/2022\/05\/Tabel-centralizator-al-cererilor-de-inscriere-in-clasa-a-V-a-2022-2023-cu-predare-in-regim-intensiv-a-limbii-engleze-Liceul-Teologic-Baptist-Alexa-Popovici-Arad.pdf\" style=\"border-radius:19px\" target=\"_blank\" rel=\"noreferrer noopener\">Tabel centralizator al cererilor de \u00eenscriere \u00een clasa a V-a 2022-2023 cu predare \u00een regim intensiv a limbii engleze &#8211; Liceul Teologic Baptist \u201eAlexa Popovici\u201d Arad<\/a><\/div>\n\n\n\n<div class=\"wp-block-button is-style-outline is-style-outline--1\"><a class=\"wp-block-button__link has-background-color-background-color has-text-color has-background\" href=\"https:\/\/www.ltb-arad.ro\/wp-content\/uploads\/2022\/05\/INFORMATII-INSCRIERE-CLASA-a-V-a-2022-2023.pdf\" style=\"color:#21ba24\" target=\"_blank\" rel=\"noreferrer noopener\">NOU Informa\u021bii \u00eenscriere \u00een clasa a V-a 2022-2023<\/a><\/div>\n\n\n\n<div class=\"wp-block-button has-custom-width wp-block-button__width-100 is-style-outline is-style-outline--2\"><a class=\"wp-block-button__link has-background-color-background-color has-background\" href=\"https:\/\/www.ltb-arad.ro\/wp-content\/uploads\/2022\/05\/Calendar-inscrieri-si-testare-clasa-a-V-a-ENGLEZA-INTENSIV.pdf\" style=\"border-radius:5px\" target=\"_blank\" rel=\"noreferrer noopener\">Calendar \u00eenscriere \u0219i testare clasa a V-a ENGLEZ\u0102 INTENSIV<\/a><\/div>\n\n\n\n<div class=\"wp-block-button has-custom-width wp-block-button__width-100 is-style-outline is-style-outline--3\"><a class=\"wp-block-button__link has-background-color-background-color has-background\" href=\"https:\/\/www.ltb-arad.ro\/wp-content\/uploads\/2022\/05\/Structura-subiectelor.pdf\" style=\"border-radius:5px\" target=\"_blank\" rel=\"noreferrer noopener\">Structura subiectelor<\/a><\/div>\n\n\n\n<div class=\"wp-block-button has-custom-width wp-block-button__width-100 is-style-outline is-style-outline--4\"><a class=\"wp-block-button__link has-background-color-background-color has-background\" href=\"https:\/\/www.ltb-arad.ro\/wp-content\/uploads\/2022\/05\/ANEXA-2.pdf\" style=\"border-radius:5px\" target=\"_blank\" rel=\"noreferrer noopener\">Anexa 2<\/a><\/div>\n\n\n\n<div class=\"wp-block-button has-custom-width wp-block-button__width-100 is-style-outline is-style-outline--5\"><a class=\"wp-block-button__link has-background-color-background-color has-background\" href=\"https:\/\/www.ltb-arad.ro\/wp-content\/uploads\/2022\/05\/ANEXA-3.pdf\" style=\"border-radius:5px\" target=\"_blank\" rel=\"noreferrer noopener\">Anexa 3<\/a><\/div>\n\n\n\n<div class=\"wp-block-button has-custom-width wp-block-button__width-100 is-style-outline is-style-outline--6\"><a class=\"wp-block-button__link has-background-color-background-color has-background\" href=\"https:\/\/www.ltb-arad.ro\/wp-content\/uploads\/2022\/05\/ANEXA-4.pdf\" style=\"border-radius:5px\" target=\"_blank\" rel=\"noreferrer noopener\">Anexa 4<\/a><\/div>\n\n\n\n<div class=\"wp-block-button has-custom-width wp-block-button__width-100 is-style-outline is-style-outline--7\"><a class=\"wp-block-button__link has-background-color-background-color has-background\" href=\"https:\/\/www.ltb-arad.ro\/wp-content\/uploads\/2022\/05\/ANEXA-5.pdf\" style=\"border-radius:5px\" target=\"_blank\" rel=\"noreferrer noopener\">Anexa 5<\/a><\/div>\n\n\n\n<div class=\"wp-block-button has-custom-width wp-block-button__width-100 is-style-outline is-style-outline--8\"><a class=\"wp-block-button__link has-background-color-background-color has-background\" href=\"https:\/\/www.ltb-arad.ro\/wp-content\/uploads\/2022\/05\/procedura-clasa-V-final.pdf\" style=\"border-radius:5px\" target=\"_blank\" rel=\"noreferrer noopener\">Procedur\u0103 opera\u021bional\u0103 privind organizarea \u0219i desf\u0103\u0219urarea testului de competen\u021be lingvistice pentru admiterea \u00een clasa a V-a cu program intensiv de studiu al unei limbi moderne de circula\u021bie interna\u021bional\u0103<\/a><\/div>\n\n\n\n<div class=\"wp-block-button has-custom-width wp-block-button__width-100 is-style-outline is-style-outline--9\"><a class=\"wp-block-button__link has-background-color-background-color has-background\" href=\"https:\/\/www.ltb-arad.ro\/wp-content\/uploads\/2022\/05\/Cerere-inscriere-clasa-a-5-a-INVATAMANT-DE-MASA-LTB.pdf\" style=\"border-radius:5px\" target=\"_blank\" rel=\"noreferrer noopener\">Descarc\u0103: Cerere \u00eenscriere \u00een clasa a 5-a &#8211; \u00ceNV\u0102\u021a\u0102M\u00c2NT DE MAS\u0102 LICEUL TEOLOGIC BAPTIST \u201eALEXA POPOVICI\u201d ARAD<\/a><\/div>\n\n\n\n<div class=\"wp-block-button has-custom-width wp-block-button__width-100 is-style-outline is-style-outline--10\"><a class=\"wp-block-button__link has-background-color-background-color has-background\" href=\"https:\/\/www.ltb-arad.ro\/wp-content\/uploads\/2022\/05\/Cerere-inscriere-clasa-a-5-a-si-DEPARTAJARE-INVATAMANT-DE-MASA.pdf\" style=\"border-radius:7px\" target=\"_blank\" rel=\"noreferrer noopener\">Descarc\u0103: Cerere \u00eenscriere \u00een clasa a 5-a si DEPARTAJARE &#8211; \u00ceNV\u0102\u021a\u0102M\u00c2NT DE MAS\u0102<\/a><\/div>\n<\/div>\n\n\n\n\n\n<p><\/p>\n\n\n\n<div style=\"height:77px\" aria-hidden=\"true\" class=\"wp-block-spacer\"><\/div>\n\n\n","protected":false},"excerpt":{"rendered":"","protected":false},"author":2,"featured_media":0,"parent":0,"menu_order":0,"comment_status":"closed","ping_status":"closed","template":"","meta":{"footnotes":"","_links_to":"","_links_to_target":""},"class_list":["post-2394","page","type-page","status-publish","hentry"],"_links":{"self":[{"href":"https:\/\/www.ltb-arad.ro\/index.php?rest_route=\/wp\/v2\/pages\/2394","targetHints":{"allow":["GET"]}}],"collection":[{"href":"https:\/\/www.ltb-arad.ro\/index.php?rest_route=\/wp\/v2\/pages"}],"about":[{"href":"https:\/\/www.ltb-arad.ro\/index.php?rest_route=\/wp\/v2\/types\/page"}],"author":[{"embeddable":true,"href":"https:\/\/www.ltb-arad.ro\/index.php?rest_route=\/wp\/v2\/users\/2"}],"replies":[{"embeddable":true,"href":"https:\/\/www.ltb-arad.ro\/index.php?rest_route=%2Fwp%2Fv2%2Fcomments&post=2394"}],"version-history":[{"count":22,"href":"https:\/\/www.ltb-arad.ro\/index.php?rest_route=\/wp\/v2\/pages\/2394\/revisions"}],"predecessor-version":[{"id":2670,"href":"https:\/\/www.ltb-arad.ro\/index.php?rest_route=\/wp\/v2\/pages\/2394\/revisions\/2670"}],"wp:attachment":[{"href":"https:\/\/www.ltb-arad.ro\/index.php?rest_route=%2Fwp%2Fv2%2Fmedia&parent=2394"}],"curies":[{"name":"wp","href":"https:\/\/api.w.org\/{rel}","templated":true}]}}