{"id":3305,"date":"2025-03-07T08:44:31","date_gmt":"2025-03-07T06:44:31","guid":{"rendered":"https:\/\/www.ltb-arad.ro\/?page_id=3305"},"modified":"2025-08-23T20:26:38","modified_gmt":"2025-08-23T18:26:38","slug":"inscriere-in-clasa-pregatitoare-2025-2026","status":"publish","type":"page","link":"https:\/\/www.ltb-arad.ro\/?page_id=3305","title":{"rendered":"\u00censcrieri \u00een clasa preg\u0103titoare 2025-2026"},"content":{"rendered":"\n<div class=\"wp-block-buttons is-layout-flex wp-block-buttons-is-layout-flex\">\n<div class=\"wp-block-button has-custom-width wp-block-button__width-100\"><a class=\"wp-block-button__link has-luminous-dusk-gradient-background has-background wp-element-button\" href=\"https:\/\/www.ltb-arad.ro\/wp-content\/uploads\/2025\/06\/Anunt-tragere-la-sorti-CLASA-PREGATITOARE-2025-2026.pdf\" target=\"_blank\" rel=\"noreferrer noopener\">Anun\u021b tragere la sor\u021bi CLASA PREG\u0102TITOARE 2025-2026<\/a><\/div>\n\n\n\n<div class=\"wp-block-button has-custom-width wp-block-button__width-100\"><a class=\"wp-block-button__link has-background wp-element-button\" href=\"https:\/\/www.ltb-arad.ro\/wp-content\/uploads\/2025\/06\/Procedura-privind-repartizarea-anteprescolarilor-prescolarilor-elevilor-inscrisi-in-grupele-clasele-de-inceput-de-nivel-pentru-anul-scolar-2025-2026-1.pdf\" style=\"background-color:#1eb13e\">Procedur\u0103 privind repartizarea antepre\u0219colarilor &#8211; pre\u0219colarilor &#8211; elevilor \u00eenscri\u0219i \u00een grupele &#8211; clasele de \u00eenceput de nivel pentru anul \u0219colar 2025-2026<\/a><\/div>\n\n\n\n<div class=\"wp-block-button has-custom-width wp-block-button__width-100\"><a class=\"wp-block-button__link has-midnight-gradient-background has-background wp-element-button\" href=\"https:\/\/www.ltb-arad.ro\/wp-content\/uploads\/2025\/05\/Anunt-locuri-libere-CP-2025-2026.pdf\">ANUN\u021a LOCURI LIBERE CP 2025-2026<\/a><\/div>\n\n\n\n<div class=\"wp-block-button has-custom-width wp-block-button__width-100\"><a class=\"wp-block-button__link has-midnight-gradient-background has-background wp-element-button\" href=\"https:\/\/forms.gle\/EjJpQ9FerV2ssRfE9\" target=\"_blank\" rel=\"noreferrer noopener\">SOLICITARE PROGRAMARE INTERVIU CP<\/a><\/div>\n<\/div>\n\n\n\n<figure class=\"wp-block-image size-full\"><img fetchpriority=\"high\" decoding=\"async\" width=\"1024\" height=\"946\" src=\"https:\/\/www.ltb-arad.ro\/wp-content\/uploads\/2025\/03\/image-1.png\" alt=\"\" class=\"wp-image-3322\" srcset=\"https:\/\/www.ltb-arad.ro\/wp-content\/uploads\/2025\/03\/image-1.png 1024w, https:\/\/www.ltb-arad.ro\/wp-content\/uploads\/2025\/03\/image-1-300x277.png 300w, https:\/\/www.ltb-arad.ro\/wp-content\/uploads\/2025\/03\/image-1-768x710.png 768w, https:\/\/www.ltb-arad.ro\/wp-content\/uploads\/2025\/03\/image-1-24x22.png 24w, https:\/\/www.ltb-arad.ro\/wp-content\/uploads\/2025\/03\/image-1-36x33.png 36w, https:\/\/www.ltb-arad.ro\/wp-content\/uploads\/2025\/03\/image-1-48x44.png 48w\" sizes=\"(max-width: 1024px) 100vw, 1024px\" \/><\/figure>\n\n\n\n<div class=\"wp-block-buttons is-layout-flex wp-block-buttons-is-layout-flex\">\n<div class=\"wp-block-button has-custom-width wp-block-button__width-100\"><a class=\"wp-block-button__link has-background wp-element-button\" href=\"https:\/\/www.ltb-arad.ro\/wp-content\/uploads\/2025\/03\/Informatii-inscriere-clasa-pregatitoare-2025-2026-1.pdf\" style=\"background-color:#1eb13e\" target=\"_blank\" rel=\"noreferrer noopener\">INFORMA\u021aII \u00ceNSCRIERE \u00ceN \u00ceNV\u0102\u021a\u0102M\u00c2NTUL PRIMAR<\/a><\/div>\n\n\n\n<div class=\"wp-block-button has-custom-width wp-block-button__width-100\"><a class=\"wp-block-button__link has-midnight-gradient-background has-background wp-element-button\" href=\"https:\/\/www.ltb-arad.ro\/wp-content\/uploads\/2025\/03\/OMEC-3435-OMEC-3436-CALENDAR-INSCRIERE-INV-PRIMAR-SI-PRESCOLAR.pdf\" target=\"_blank\" rel=\"noreferrer noopener\">CALENDAR \u00ceNSCRIERE \u00ceNV. PRIMAR \u0218I PRE\u0218COLAR<\/a><\/div>\n\n\n\n<div class=\"wp-block-button has-custom-width wp-block-button__width-100\"><a class=\"wp-block-button__link has-midnight-gradient-background has-background wp-element-button\" href=\"https:\/\/www.ltb-arad.ro\/wp-content\/uploads\/2025\/03\/OME-nr.-4019-din-15.03.2024-Metodologie-inscriere-inv.-primar_IN-VIGOARE.pdf\" target=\"_blank\" rel=\"noreferrer noopener\">OME nr. 4019 din 15.03.2024 Metodologie inscriere \u00eenv. primar_\u00ceN VIGOARE<\/a><\/div>\n\n\n\n<div class=\"wp-block-button has-custom-width wp-block-button__width-100\"><a class=\"wp-block-button__link has-midnight-gradient-background has-background wp-element-button\" href=\"https:\/\/www.ltb-arad.ro\/wp-content\/uploads\/2025\/03\/Criterii-specifice_LTB-2025.pdf\" target=\"_blank\" rel=\"noreferrer noopener\">Criterii specifice departajare<\/a><\/div>\n\n\n\n<div class=\"wp-block-button has-custom-width wp-block-button__width-100\"><a class=\"wp-block-button__link has-midnight-gradient-background has-background wp-element-button\" href=\"https:\/\/www.ltb-arad.ro\/wp-content\/uploads\/2025\/03\/CIRCUMSCRIPTII-SCOLARE_MUNICIPIUL-ARAD_06.03.2025.pdf\" target=\"_blank\" rel=\"noreferrer noopener\">CIRCUMSCRIP\u021aII \u0218COLARE<\/a><\/div>\n\n\n\n<div class=\"wp-block-button has-custom-width wp-block-button__width-100\"><a class=\"wp-block-button__link has-midnight-gradient-background has-background wp-element-button\" href=\"https:\/\/www.ltb-arad.ro\/wp-content\/uploads\/2025\/03\/Procedura-privind-repartizarea-anteprescolarilor-prescolarilor-elevilor-inscrisi-in-grupele-clasele-de-inceput-de-nivel-pentru-anul-scolar-2025-2026.pdf\" target=\"_blank\" rel=\"noreferrer noopener\">Procedur\u0103 privind repartizarea antepre\u0219colarilor &#8211; pre\u0219colarilor &#8211; elevilor \u00eenscri\u0219i \u00een grupele &#8211; clasele de \u00eenceput de nivel pentru anul \u0219colar 2025-2026<\/a><\/div>\n<\/div>\n\n\n\n<div class=\"wp-block-columns is-layout-flex wp-container-core-columns-is-layout-28f84493 wp-block-columns-is-layout-flex\">\n<div class=\"wp-block-column is-layout-flow wp-block-column-is-layout-flow\" style=\"flex-basis:100%\">\n\n\n<div style=\"height:51px\" aria-hidden=\"true\" class=\"wp-block-spacer\"><\/div>\n<\/div>\n<\/div>\n\n\n\n\n","protected":false},"excerpt":{"rendered":"","protected":false},"author":2,"featured_media":0,"parent":0,"menu_order":0,"comment_status":"closed","ping_status":"closed","template":"","meta":{"footnotes":"","_links_to":"","_links_to_target":""},"class_list":["post-3305","page","type-page","status-publish","hentry"],"_links":{"self":[{"href":"https:\/\/www.ltb-arad.ro\/index.php?rest_route=\/wp\/v2\/pages\/3305","targetHints":{"allow":["GET"]}}],"collection":[{"href":"https:\/\/www.ltb-arad.ro\/index.php?rest_route=\/wp\/v2\/pages"}],"about":[{"href":"https:\/\/www.ltb-arad.ro\/index.php?rest_route=\/wp\/v2\/types\/page"}],"author":[{"embeddable":true,"href":"https:\/\/www.ltb-arad.ro\/index.php?rest_route=\/wp\/v2\/users\/2"}],"replies":[{"embeddable":true,"href":"https:\/\/www.ltb-arad.ro\/index.php?rest_route=%2Fwp%2Fv2%2Fcomments&post=3305"}],"version-history":[{"count":17,"href":"https:\/\/www.ltb-arad.ro\/index.php?rest_route=\/wp\/v2\/pages\/3305\/revisions"}],"predecessor-version":[{"id":3507,"href":"https:\/\/www.ltb-arad.ro\/index.php?rest_route=\/wp\/v2\/pages\/3305\/revisions\/3507"}],"wp:attachment":[{"href":"https:\/\/www.ltb-arad.ro\/index.php?rest_route=%2Fwp%2Fv2%2Fmedia&parent=3305"}],"curies":[{"name":"wp","href":"https:\/\/api.w.org\/{rel}","templated":true}]}}