{"id":3541,"date":"2026-03-10T09:19:53","date_gmt":"2026-03-10T07:19:53","guid":{"rendered":"https:\/\/www.ltb-arad.ro\/?page_id=3541"},"modified":"2026-04-21T08:47:04","modified_gmt":"2026-04-21T06:47:04","slug":"inscrieri-in-clasa-pregatitoare-2026-2027","status":"publish","type":"page","link":"https:\/\/www.ltb-arad.ro\/?page_id=3541","title":{"rendered":"\u00censcrieri \u00een clasa preg\u0103titoare 2026-2027"},"content":{"rendered":"\n<div class=\"wp-block-buttons is-layout-flex wp-block-buttons-is-layout-flex\">\n<div class=\"wp-block-button has-custom-width wp-block-button__width-100\"><a class=\"wp-block-button__link has-black-color has-very-light-gray-to-cyan-bluish-gray-gradient-background has-text-color has-background has-link-color wp-element-button\" href=\"https:\/\/www.ltb-arad.ro\/wp-content\/uploads\/2026\/03\/PO-repartizarea-prescolarilor-elevilor-inscrisi-in-grupele-clasele-de-inceput-de-nivel.pdf\" target=\"_blank\" rel=\"noreferrer noopener\">PO repartizarea pre\u0219colarilor-elevilor \u00eenscri\u0219i \u00een grupele-clasele de \u00eenceput de nivel<\/a><\/div>\n\n\n\n<div class=\"wp-block-button has-custom-width wp-block-button__width-100\"><a class=\"wp-block-button__link has-black-color has-very-light-gray-to-cyan-bluish-gray-gradient-background has-text-color has-background has-link-color wp-element-button\" href=\"https:\/\/www.ltb-arad.ro\/wp-content\/uploads\/2026\/03\/Criterii-specifice-de-departajare-2026-2027.pdf\" target=\"_blank\" rel=\"noreferrer noopener\">Criterii specifice de departajare<\/a><\/div>\n\n\n\n<div class=\"wp-block-button has-custom-width wp-block-button__width-100\"><a class=\"wp-block-button__link has-black-color has-very-light-gray-to-cyan-bluish-gray-gradient-background has-text-color has-background has-link-color wp-element-button\" href=\"https:\/\/www.ltb-arad.ro\/wp-content\/uploads\/2026\/03\/Aplicare-prevederi-procedura-OME-3945-din-2024_PO-Repartizare-elevi-2.pdf\" target=\"_blank\" rel=\"noreferrer noopener\">Metodologia de distribuire\u021bie aleatorie a elevilor \u00een forma\u021biunile de studiu<\/a><\/div>\n\n\n\n<div class=\"wp-block-button has-custom-width wp-block-button__width-100\"><a class=\"wp-block-button__link has-black-color has-very-light-gray-to-cyan-bluish-gray-gradient-background has-text-color has-background has-link-color wp-element-button\" href=\"https:\/\/www.ltb-arad.ro\/wp-content\/uploads\/2026\/03\/Informatii-inscriere-clasa-pregatitoare-2026-2027.pdf\" target=\"_blank\" rel=\"noreferrer noopener\">Informa\u021bii \u00eenscriere clasa preg\u0103titoare 2026-2027<\/a><\/div>\n\n\n\n<div class=\"wp-block-button has-custom-width wp-block-button__width-100\"><a class=\"wp-block-button__link has-black-color has-very-light-gray-to-cyan-bluish-gray-gradient-background has-text-color has-background has-link-color wp-element-button\" href=\"https:\/\/www.ltb-arad.ro\/wp-content\/uploads\/2026\/03\/Circumscriptii-scolare-municipiul-Arad-2026.pdf\" target=\"_blank\" rel=\"noreferrer noopener\">Circumscrip\u021bii \u0219colare municipiul Arad 2026<\/a><\/div>\n\n\n\n<div class=\"wp-block-button has-custom-width wp-block-button__width-100\"><a class=\"wp-block-button__link has-black-color has-very-light-gray-to-cyan-bluish-gray-gradient-background has-text-color has-background has-link-color wp-element-button\" href=\"https:\/\/www.ltb-arad.ro\/wp-content\/uploads\/2026\/03\/ORDIN-nr.-3.334-din-26-februarie-2026_Calendar-inscriere_forum-4.pdf\" target=\"_blank\" rel=\"noreferrer noopener\">CALENDAR \u00ceNSCRIERE \u00ceNV. PRIMAR<\/a><\/div>\n<\/div>\n\n\n\n<div style=\"height:16px\" aria-hidden=\"true\" class=\"wp-block-spacer\"><\/div>\n\n\n\n<p><img fetchpriority=\"high\" decoding=\"async\" src=\"https:\/\/www.ltb-arad.ro\/wp-content\/uploads\/2026\/03\/ZIUA-PORTILOR-DESCHISE-2026-v-finala.png\" alt=\"\" width=\"1168\" height=\"1000\" class=\"alignright size-full wp-image-3562\" srcset=\"https:\/\/www.ltb-arad.ro\/wp-content\/uploads\/2026\/03\/ZIUA-PORTILOR-DESCHISE-2026-v-finala.png 1168w, https:\/\/www.ltb-arad.ro\/wp-content\/uploads\/2026\/03\/ZIUA-PORTILOR-DESCHISE-2026-v-finala-300x257.png 300w, https:\/\/www.ltb-arad.ro\/wp-content\/uploads\/2026\/03\/ZIUA-PORTILOR-DESCHISE-2026-v-finala-1024x877.png 1024w, https:\/\/www.ltb-arad.ro\/wp-content\/uploads\/2026\/03\/ZIUA-PORTILOR-DESCHISE-2026-v-finala-768x658.png 768w, https:\/\/www.ltb-arad.ro\/wp-content\/uploads\/2026\/03\/ZIUA-PORTILOR-DESCHISE-2026-v-finala-24x21.png 24w, https:\/\/www.ltb-arad.ro\/wp-content\/uploads\/2026\/03\/ZIUA-PORTILOR-DESCHISE-2026-v-finala-36x31.png 36w, https:\/\/www.ltb-arad.ro\/wp-content\/uploads\/2026\/03\/ZIUA-PORTILOR-DESCHISE-2026-v-finala-48x41.png 48w\" sizes=\"(max-width: 1168px) 100vw, 1168px\" \/><\/p>\n\n\n\n<div style=\"height:302px\" aria-hidden=\"true\" class=\"wp-block-spacer\"><\/div>\n","protected":false},"excerpt":{"rendered":"","protected":false},"author":2,"featured_media":0,"parent":0,"menu_order":0,"comment_status":"closed","ping_status":"closed","template":"","meta":{"footnotes":"","_links_to":"","_links_to_target":""},"class_list":["post-3541","page","type-page","status-publish","hentry"],"_links":{"self":[{"href":"https:\/\/www.ltb-arad.ro\/index.php?rest_route=\/wp\/v2\/pages\/3541","targetHints":{"allow":["GET"]}}],"collection":[{"href":"https:\/\/www.ltb-arad.ro\/index.php?rest_route=\/wp\/v2\/pages"}],"about":[{"href":"https:\/\/www.ltb-arad.ro\/index.php?rest_route=\/wp\/v2\/types\/page"}],"author":[{"embeddable":true,"href":"https:\/\/www.ltb-arad.ro\/index.php?rest_route=\/wp\/v2\/users\/2"}],"replies":[{"embeddable":true,"href":"https:\/\/www.ltb-arad.ro\/index.php?rest_route=%2Fwp%2Fv2%2Fcomments&post=3541"}],"version-history":[{"count":15,"href":"https:\/\/www.ltb-arad.ro\/index.php?rest_route=\/wp\/v2\/pages\/3541\/revisions"}],"predecessor-version":[{"id":3593,"href":"https:\/\/www.ltb-arad.ro\/index.php?rest_route=\/wp\/v2\/pages\/3541\/revisions\/3593"}],"wp:attachment":[{"href":"https:\/\/www.ltb-arad.ro\/index.php?rest_route=%2Fwp%2Fv2%2Fmedia&parent=3541"}],"curies":[{"name":"wp","href":"https:\/\/api.w.org\/{rel}","templated":true}]}}